{"id":545,"date":"2024-01-02T15:28:04","date_gmt":"2024-01-02T14:28:04","guid":{"rendered":"https:\/\/lbcoachingetdeveloppement.com\/?post_type=product&#038;p=545"},"modified":"2024-01-02T15:54:52","modified_gmt":"2024-01-02T14:54:52","slug":"jeu-de-carte-bien-etre","status":"publish","type":"product","link":"https:\/\/lbcoachingetdeveloppement.com\/?product=jeu-de-carte-bien-etre","title":{"rendered":"Jeu de Carte bien-\u00eatre"},"content":{"rendered":"\n<p>Ce jeu contient 61 cartes.<\/p>\n\n\n\n<p>1 carte th\u00e8me reprenant les 6 th\u00e8mes propos\u00e9s : citation, conseils bien-\u00eatre, conseils de lecture, image du jour, piste de r\u00e9flexion et \u00e9nergie du jour.<\/p>\n\n\n\n<p>10 cartes par th\u00e8mes.<\/p>\n\n\n\n<p>Le tout, livr\u00e9 dans son pochon qui vous permettra de l&#8217;embarquer partout avec vous.<\/p>\n\n\n\n<p><\/p>\n","protected":false},"excerpt":{"rendered":"<p>Apprenez \u00e0 mieux vous conna\u00eetre. <br \/>Remettez-vous ou maintenez-vous en action gr\u00e2ce \u00e0 ce jeu de cartes.<\/p>\n","protected":false},"featured_media":548,"comment_status":"open","ping_status":"closed","template":"","meta":[],"product_cat":[16],"product_tag":[],"jetpack_sharing_enabled":true,"jetpack-related-posts":[],"_links":{"self":[{"href":"https:\/\/lbcoachingetdeveloppement.com\/index.php?rest_route=\/wp\/v2\/product\/545"}],"collection":[{"href":"https:\/\/lbcoachingetdeveloppement.com\/index.php?rest_route=\/wp\/v2\/product"}],"about":[{"href":"https:\/\/lbcoachingetdeveloppement.com\/index.php?rest_route=\/wp\/v2\/types\/product"}],"replies":[{"embeddable":true,"href":"https:\/\/lbcoachingetdeveloppement.com\/index.php?rest_route=%2Fwp%2Fv2%2Fcomments&post=545"}],"wp:featuredmedia":[{"embeddable":true,"href":"https:\/\/lbcoachingetdeveloppement.com\/index.php?rest_route=\/wp\/v2\/media\/548"}],"wp:attachment":[{"href":"https:\/\/lbcoachingetdeveloppement.com\/index.php?rest_route=%2Fwp%2Fv2%2Fmedia&parent=545"}],"wp:term":[{"taxonomy":"product_cat","embeddable":true,"href":"https:\/\/lbcoachingetdeveloppement.com\/index.php?rest_route=%2Fwp%2Fv2%2Fproduct_cat&post=545"},{"taxonomy":"product_tag","embeddable":true,"href":"https:\/\/lbcoachingetdeveloppement.com\/index.php?rest_route=%2Fwp%2Fv2%2Fproduct_tag&post=545"}],"curies":[{"name":"wp","href":"https:\/\/api.w.org\/{rel}","templated":true}]}}