{"id":81,"date":"2020-12-17T15:59:29","date_gmt":"2020-12-17T14:59:29","guid":{"rendered":"http:\/\/lbcoachingetdeveloppement.com\/?page_id=81"},"modified":"2020-12-17T15:59:31","modified_gmt":"2020-12-17T14:59:31","slug":"mentions-legales","status":"publish","type":"page","link":"https:\/\/lbcoachingetdeveloppement.com\/?page_id=81","title":{"rendered":"Mentions L\u00e9gales"},"content":{"rendered":"\n<p><strong><em>Ce site est \u00e9dit\u00e9 par :<\/em><\/strong><\/p>\n\n\n\n<p>LB COACHING &amp; DEVELOPEMENT<br>851 405 381 00019<br>26 Rue de la Marne 59570 Hon-Hergies<br>06 75 06 35 17<\/p>\n\n\n\n<p>Directrice de la publication : La\u00ebtitia Barraud<\/p>\n\n\n\n<p><\/p>\n\n\n\n<p><strong><em>Coordonn\u00e9es de l&rsquo;h\u00e9bergeur:<\/em><\/strong><\/p>\n\n\n\n<p><em>NameHero.com<\/em><br><em>1520 Clay Street, Suite G2<\/em><br><em>North Kansas City, Missouri 64116<\/em><\/p>\n\n\n\n<p><\/p>\n","protected":false},"excerpt":{"rendered":"<p>Ce site est \u00e9dit\u00e9 par : LB COACHING &amp; DEVELOPEMENT851 405 381 0001926 Rue de la Marne 59570 Hon-Hergies06 75 06 35 17 Directrice de la publication : La\u00ebtitia Barraud Coordonn\u00e9es de l&rsquo;h\u00e9bergeur: NameHero.com1520 Clay Street, Suite G2North Kansas City, Missouri 64116<\/p>\n","protected":false},"author":1,"featured_media":0,"parent":0,"menu_order":0,"comment_status":"closed","ping_status":"closed","template":"","meta":{"footnotes":""},"jetpack_sharing_enabled":true,"jetpack-related-posts":[],"_links":{"self":[{"href":"https:\/\/lbcoachingetdeveloppement.com\/index.php?rest_route=\/wp\/v2\/pages\/81"}],"collection":[{"href":"https:\/\/lbcoachingetdeveloppement.com\/index.php?rest_route=\/wp\/v2\/pages"}],"about":[{"href":"https:\/\/lbcoachingetdeveloppement.com\/index.php?rest_route=\/wp\/v2\/types\/page"}],"author":[{"embeddable":true,"href":"https:\/\/lbcoachingetdeveloppement.com\/index.php?rest_route=\/wp\/v2\/users\/1"}],"replies":[{"embeddable":true,"href":"https:\/\/lbcoachingetdeveloppement.com\/index.php?rest_route=%2Fwp%2Fv2%2Fcomments&post=81"}],"version-history":[{"count":1,"href":"https:\/\/lbcoachingetdeveloppement.com\/index.php?rest_route=\/wp\/v2\/pages\/81\/revisions"}],"predecessor-version":[{"id":82,"href":"https:\/\/lbcoachingetdeveloppement.com\/index.php?rest_route=\/wp\/v2\/pages\/81\/revisions\/82"}],"wp:attachment":[{"href":"https:\/\/lbcoachingetdeveloppement.com\/index.php?rest_route=%2Fwp%2Fv2%2Fmedia&parent=81"}],"curies":[{"name":"wp","href":"https:\/\/api.w.org\/{rel}","templated":true}]}}