{"id":6,"date":"2020-12-07T10:12:15","date_gmt":"2020-12-07T09:12:15","guid":{"rendered":"http:\/\/lbcoachingetdeveloppement.com\/?page_id=6"},"modified":"2021-04-27T16:53:37","modified_gmt":"2021-04-27T14:53:37","slug":"notre-philosophie","status":"publish","type":"page","link":"https:\/\/lbcoachingetdeveloppement.com\/?page_id=6","title":{"rendered":"Qui suis-je?"},"content":{"rendered":"\t\t<div data-elementor-type=\"wp-page\" data-elementor-id=\"6\" class=\"elementor elementor-6\">\n\t\t\t\t\t\t\t\t\t<section class=\"elementor-section elementor-top-section elementor-element elementor-element-6de702a5 elementor-section-content-middle elementor-reverse-mobile elementor-section-boxed elementor-section-height-default elementor-section-height-default\" data-id=\"6de702a5\" data-element_type=\"section\" data-settings=\"{&quot;background_background&quot;:&quot;classic&quot;}\">\n\t\t\t\t\t\t<div class=\"elementor-container elementor-column-gap-default\">\n\t\t\t\t\t<div class=\"elementor-column elementor-col-50 elementor-top-column elementor-element elementor-element-45d1ac8d\" data-id=\"45d1ac8d\" data-element_type=\"column\">\n\t\t\t<div class=\"elementor-widget-wrap elementor-element-populated\">\n\t\t\t\t\t\t\t\t<div class=\"elementor-element elementor-element-41978816 elementor-view-stacked elementor-position-left elementor-shape-circle elementor-mobile-position-top elementor-vertical-align-top elementor-widget elementor-widget-icon-box\" data-id=\"41978816\" data-element_type=\"widget\" data-widget_type=\"icon-box.default\">\n\t\t\t\t<div class=\"elementor-widget-container\">\n\t\t\t\t\t<div class=\"elementor-icon-box-wrapper\">\n\t\t\t\t\t\t<div class=\"elementor-icon-box-icon\">\n\t\t\t\t<span  class=\"elementor-icon elementor-animation-\">\n\t\t\t\t<i aria-hidden=\"true\" class=\"fab fa-cotton-bureau\"><\/i>\t\t\t\t<\/span>\n\t\t\t<\/div>\n\t\t\t\t\t\t<div class=\"elementor-icon-box-content\">\n\t\t\t\t<h3 class=\"elementor-icon-box-title\">\n\t\t\t\t\t<span  >\n\t\t\t\t\t\t<br>Qui suis-je?\t\t\t\t\t<\/span>\n\t\t\t\t<\/h3>\n\t\t\t\t\t\t\t\t\t<p class=\"elementor-icon-box-description\">\n\t\t\t\t\t\t<span style=\"font-family: Poppins, sans-serif; font-size: 16px; font-style: normal; font-variant-ligatures: normal; font-variant-caps: normal; font-weight: 400;\">Forte d'une exp\u00e9rience professionnelle de 17 ans dans une grande entreprise internationale et d'une solide formation aux techniques de coaching, je vous aide \u00e0 vous r\u00e9v\u00e9ler et \u00e0 atteindre vos buts.<\/span><br><br><b><u>Mon Parcours: <\/u><\/b><br>Apr\u00e8s 17 ans de carri\u00e8re au cours de laquelle j'ai occup\u00e9 diff\u00e9rents postes, j'ai ressenti le besoin de changer de voie pour revenir \u00e0 l'essentiel et je suis devenue coach. Comme j'ai toujours \u00e9t\u00e9 \u00e0 l'\u00e9coute des autres et que j'aimais transmettre, il m'a paru \u00e9vident de mettre mes talents et mes comp\u00e9tences au service de votre bien-\u00eatre et de votre r\u00e9ussite. <br>Je me suis donc form\u00e9e afin d'apprendre des techniques et d\u00e9velopper des m\u00e9thodes pour vous aider \u00e0 vous r\u00e9v\u00e9ler. \n\t\t\t\t\t<\/p>\n\t\t\t\t\t\t\t<\/div>\n\t\t<\/div>\n\t\t\t\t<\/div>\n\t\t\t\t<\/div>\n\t\t\t\t\t<\/div>\n\t\t<\/div>\n\t\t\t\t<div class=\"elementor-column elementor-col-50 elementor-top-column elementor-element elementor-element-18c600a2\" data-id=\"18c600a2\" data-element_type=\"column\">\n\t\t\t<div class=\"elementor-widget-wrap\">\n\t\t\t\t\t\t\t\t\t<\/div>\n\t\t<\/div>\n\t\t\t\t\t\t\t<\/div>\n\t\t<\/section>\n\t\t\t\t<section class=\"elementor-section elementor-top-section elementor-element elementor-element-2d313fd9 elementor-section-boxed elementor-section-height-default elementor-section-height-default\" data-id=\"2d313fd9\" data-element_type=\"section\" data-settings=\"{&quot;background_background&quot;:&quot;classic&quot;}\">\n\t\t\t\t\t\t<div class=\"elementor-container elementor-column-gap-default\">\n\t\t\t\t\t<div class=\"elementor-column elementor-col-100 elementor-top-column elementor-element elementor-element-35d34c4\" data-id=\"35d34c4\" data-element_type=\"column\">\n\t\t\t<div class=\"elementor-widget-wrap elementor-element-populated\">\n\t\t\t\t\t\t\t\t<section class=\"elementor-section elementor-inner-section elementor-element elementor-element-277699a elementor-section-boxed elementor-section-height-default elementor-section-height-default\" data-id=\"277699a\" data-element_type=\"section\" data-settings=\"{&quot;background_background&quot;:&quot;classic&quot;}\">\n\t\t\t\t\t\t<div class=\"elementor-container elementor-column-gap-no\">\n\t\t\t\t\t<div class=\"elementor-column elementor-col-33 elementor-inner-column elementor-element elementor-element-2bb3efa7\" data-id=\"2bb3efa7\" data-element_type=\"column\" data-settings=\"{&quot;background_background&quot;:&quot;classic&quot;}\">\n\t\t\t<div class=\"elementor-widget-wrap elementor-element-populated\">\n\t\t\t\t\t\t\t\t<div class=\"elementor-element elementor-element-4d16efd7 elementor-widget elementor-widget-heading\" data-id=\"4d16efd7\" data-element_type=\"widget\" data-widget_type=\"heading.default\">\n\t\t\t\t<div class=\"elementor-widget-container\">\n\t\t\t<h2 class=\"elementor-heading-title elementor-size-large\">Mon exp\u00e9rience<\/h2>\t\t<\/div>\n\t\t\t\t<\/div>\n\t\t\t\t<div class=\"elementor-element elementor-element-632e4bd6 elementor-widget elementor-widget-text-editor\" data-id=\"632e4bd6\" data-element_type=\"widget\" data-widget_type=\"text-editor.default\">\n\t\t\t\t<div class=\"elementor-widget-container\">\n\t\t\t\t\t\t\t<ul style=\"font-variant-ligatures: normal; font-variant-caps: normal; font-family: Roboto, sans-serif; font-size: 14px; font-style: normal; font-weight: 400; color: #7a7a7a; text-align: start;\"><li style=\"font-size: 14px;\"><p style=\"font-variant-ligatures: normal; font-variant-caps: normal; font-family: Poppins, sans-serif; font-size: 16px; font-style: normal; font-weight: 400; color: #5e5d5d; text-align: center;\"><span style=\"font-size: 16px;\">20 ann\u00e9es d&rsquo;exp\u00e9rience dans une entreprise internationale.<\/span><\/p><\/li><li style=\"font-size: 14px;\"><p style=\"font-variant-ligatures: normal; font-variant-caps: normal; font-family: Poppins, sans-serif; font-size: 16px; font-style: normal; font-weight: 400; color: #5e5d5d; text-align: center;\"><span style=\"font-size: 16px;\"><span style=\"font-family: Poppins, sans-serif; font-size: 16px; font-style: normal; font-variant-ligatures: normal; font-variant-caps: normal; font-weight: 400;\">Je suis empatique et bienveillante.\u00a0<\/span><br \/><\/span><\/p><\/li><li style=\"font-size: 14px;\"><p style=\"font-variant-ligatures: normal; font-variant-caps: normal; font-family: Poppins, sans-serif; font-size: 16px; font-style: normal; font-weight: 400; color: #5e5d5d; text-align: center;\"><span style=\"font-size: 16px;\"><span style=\"font-family: Poppins, sans-serif; font-size: 16px; font-style: normal; font-variant-ligatures: normal; font-variant-caps: normal; font-weight: 400;\">Je me suis sp\u00e9cialis\u00e9e dans la gestion de la charge mentale, les \u00e9motions, l&rsquo;orientation scolaire et le coaching d&rsquo;entreprise.<\/span><\/span><\/p><\/li><li style=\"font-size: 14px;\"><p style=\"font-variant-ligatures: normal; font-variant-caps: normal; font-family: Poppins, sans-serif; font-size: 16px; font-style: normal; font-weight: 400; color: #5e5d5d; text-align: center;\"><span style=\"font-size: 16px;\"><span style=\"font-family: Poppins, sans-serif; font-size: 16px; font-style: normal; font-variant-ligatures: normal; font-variant-caps: normal; font-weight: 400;\">Praticienne en art th\u00e9rapie et en biblioth\u00e9rapie cr\u00e9ative.<\/span><\/span><\/p><\/li><\/ul>\t\t\t\t\t\t<\/div>\n\t\t\t\t<\/div>\n\t\t\t\t\t<\/div>\n\t\t<\/div>\n\t\t\t\t<div class=\"elementor-column elementor-col-33 elementor-inner-column elementor-element elementor-element-3f9c00d5\" data-id=\"3f9c00d5\" data-element_type=\"column\" data-settings=\"{&quot;background_background&quot;:&quot;classic&quot;}\">\n\t\t\t<div class=\"elementor-widget-wrap elementor-element-populated\">\n\t\t\t\t\t\t\t\t<div class=\"elementor-element elementor-element-893362e elementor-widget elementor-widget-image\" data-id=\"893362e\" data-element_type=\"widget\" data-widget_type=\"image.default\">\n\t\t\t\t<div class=\"elementor-widget-container\">\n\t\t\t\t\t\t\t\t\t\t\t\t\t\t\t<img decoding=\"async\" width=\"187\" height=\"154\" src=\"https:\/\/lbcoachingetdeveloppement.com\/wp-content\/uploads\/2020\/12\/photo-LB.png\" class=\"attachment-large size-large wp-image-43\" alt=\"\" \/>\t\t\t\t\t\t\t\t\t\t\t\t\t\t\t<\/div>\n\t\t\t\t<\/div>\n\t\t\t\t\t<\/div>\n\t\t<\/div>\n\t\t\t\t<div class=\"elementor-column elementor-col-33 elementor-inner-column elementor-element elementor-element-31e99f8\" data-id=\"31e99f8\" data-element_type=\"column\" data-settings=\"{&quot;background_background&quot;:&quot;classic&quot;}\">\n\t\t\t<div class=\"elementor-widget-wrap elementor-element-populated\">\n\t\t\t\t\t\t\t\t<div class=\"elementor-element elementor-element-654c83d4 elementor-widget elementor-widget-heading\" data-id=\"654c83d4\" data-element_type=\"widget\" data-widget_type=\"heading.default\">\n\t\t\t\t<div class=\"elementor-widget-container\">\n\t\t\t<h2 class=\"elementor-heading-title elementor-size-large\">Mes certifications<\/h2>\t\t<\/div>\n\t\t\t\t<\/div>\n\t\t\t\t<div class=\"elementor-element elementor-element-79155593 elementor-widget elementor-widget-text-editor\" data-id=\"79155593\" data-element_type=\"widget\" data-widget_type=\"text-editor.default\">\n\t\t\t\t<div class=\"elementor-widget-container\">\n\t\t\t\t\t\t\t<p><span style=\"font-size: 16px;\">&#8211; Novembre 2020 : praticienne en art th\u00e9rapie.<\/span><\/p><p>&#8211; Octobre 2020: praticienne en biblioth\u00e9rapie cr\u00e9ative.<\/p><p><span style=\"font-family: Poppins, sans-serif; font-size: 16px; font-style: normal; font-variant-ligatures: normal; font-variant-caps: normal; font-weight: 400;\">&#8211; Juin 2019 : certification coach de vie: RNCP II, \u00e9cole sup\u00e9rieure de coaching Lille.<\/span><\/p>\t\t\t\t\t\t<\/div>\n\t\t\t\t<\/div>\n\t\t\t\t\t<\/div>\n\t\t<\/div>\n\t\t\t\t\t\t\t<\/div>\n\t\t<\/section>\n\t\t\t\t\t<\/div>\n\t\t<\/div>\n\t\t\t\t\t\t\t<\/div>\n\t\t<\/section>\n\t\t\t\t<section class=\"elementor-section elementor-top-section elementor-element elementor-element-d9cc514 elementor-section-content-middle elementor-section-boxed elementor-section-height-default elementor-section-height-default\" data-id=\"d9cc514\" data-element_type=\"section\" data-settings=\"{&quot;background_background&quot;:&quot;classic&quot;}\">\n\t\t\t\t\t\t<div class=\"elementor-container elementor-column-gap-no\">\n\t\t\t\t\t<div class=\"elementor-column elementor-col-100 elementor-top-column elementor-element elementor-element-7382ec5f\" data-id=\"7382ec5f\" data-element_type=\"column\" data-settings=\"{&quot;background_background&quot;:&quot;classic&quot;}\">\n\t\t\t<div class=\"elementor-widget-wrap elementor-element-populated\">\n\t\t\t\t\t\t\t\t<div class=\"elementor-element elementor-element-7a4890c2 elementor-widget elementor-widget-heading\" data-id=\"7a4890c2\" data-element_type=\"widget\" data-widget_type=\"heading.default\">\n\t\t\t\t<div class=\"elementor-widget-container\">\n\t\t\t<h3 class=\"elementor-heading-title elementor-size-large\">Mon objectif<\/h3>\t\t<\/div>\n\t\t\t\t<\/div>\n\t\t\t\t<div class=\"elementor-element elementor-element-50f413e7 elementor-widget elementor-widget-text-editor\" data-id=\"50f413e7\" data-element_type=\"widget\" data-widget_type=\"text-editor.default\">\n\t\t\t\t<div class=\"elementor-widget-container\">\n\t\t\t\t\t\t\t<p>Permettre \u00e0 chacun\/chacune d&rsquo;entre vous de pouvoir r\u00e9aliser vos r\u00eaves, d&rsquo; am\u00e9liorer votre quotidien ou votre bien-\u00eatre en vous faisant b\u00e9n\u00e9ficier de mon exp\u00e9rience et de mon accompagnement.\u00a0<\/p><p><strong>Orient\u00e9e solution, ma m\u00e9thode vous permettra d&rsquo;obtenir des r\u00e9sultats rapidement.<\/strong><\/p>\t\t\t\t\t\t<\/div>\n\t\t\t\t<\/div>\n\t\t\t\t\t<\/div>\n\t\t<\/div>\n\t\t\t\t\t\t\t<\/div>\n\t\t<\/section>\n\t\t\t\t<section class=\"elementor-section elementor-top-section elementor-element elementor-element-19129701 elementor-section-content-middle elementor-reverse-mobile elementor-section-boxed elementor-section-height-default elementor-section-height-default\" data-id=\"19129701\" data-element_type=\"section\" data-settings=\"{&quot;background_background&quot;:&quot;classic&quot;}\">\n\t\t\t\t\t\t<div class=\"elementor-container elementor-column-gap-no\">\n\t\t\t\t\t<div class=\"elementor-column elementor-col-50 elementor-top-column elementor-element elementor-element-75246030\" data-id=\"75246030\" data-element_type=\"column\" data-settings=\"{&quot;background_background&quot;:&quot;classic&quot;}\">\n\t\t\t<div class=\"elementor-widget-wrap elementor-element-populated\">\n\t\t\t\t\t\t\t\t<div class=\"elementor-element elementor-element-3102e9db elementor-widget elementor-widget-heading\" data-id=\"3102e9db\" data-element_type=\"widget\" data-widget_type=\"heading.default\">\n\t\t\t\t<div class=\"elementor-widget-container\">\n\t\t\t<h3 class=\"elementor-heading-title elementor-size-large\">Un accompagnement sur mesure <\/h3>\t\t<\/div>\n\t\t\t\t<\/div>\n\t\t\t\t<div class=\"elementor-element elementor-element-98e4df1 elementor-widget elementor-widget-image\" data-id=\"98e4df1\" data-element_type=\"widget\" data-widget_type=\"image.default\">\n\t\t\t\t<div class=\"elementor-widget-container\">\n\t\t\t\t\t\t\t\t\t\t\t\t\t\t\t<img fetchpriority=\"high\" decoding=\"async\" width=\"1519\" height=\"539\" src=\"https:\/\/lbcoachingetdeveloppement.com\/wp-content\/uploads\/2021\/04\/3-etapes-de-coaching.png\" class=\"attachment-1536x1536 size-1536x1536 wp-image-405\" alt=\"\" srcset=\"https:\/\/lbcoachingetdeveloppement.com\/wp-content\/uploads\/2021\/04\/3-etapes-de-coaching.png 1519w, https:\/\/lbcoachingetdeveloppement.com\/wp-content\/uploads\/2021\/04\/3-etapes-de-coaching-300x106.png 300w, https:\/\/lbcoachingetdeveloppement.com\/wp-content\/uploads\/2021\/04\/3-etapes-de-coaching-1024x363.png 1024w, https:\/\/lbcoachingetdeveloppement.com\/wp-content\/uploads\/2021\/04\/3-etapes-de-coaching-768x273.png 768w\" sizes=\"(max-width: 1519px) 100vw, 1519px\" \/>\t\t\t\t\t\t\t\t\t\t\t\t\t\t\t<\/div>\n\t\t\t\t<\/div>\n\t\t\t\t<div class=\"elementor-element elementor-element-27766d73 elementor-widget elementor-widget-text-editor\" data-id=\"27766d73\" data-element_type=\"widget\" data-widget_type=\"text-editor.default\">\n\t\t\t\t<div class=\"elementor-widget-container\">\n\t\t\t\t\t\t\t<p>Je vous propose un <strong>accompagnement sur mesure<\/strong> r\u00e9pondant \u00e0 vos besoins et enti\u00e8rement personnalis\u00e9<strong>.<\/strong><\/p><p>Le nombre de s\u00e9ances varie en fonction de votre besoin et lors de notre premier RDV, je vous donne un estimatif du nombre de s\u00e9ances.<\/p><p><strong>Un contrat<\/strong> est r\u00e9dig\u00e9 afin\u00a0<span style=\"font-size: 15px;\">de clarifier toutes les \u00e9tapes de votre accompagnement. Ce contrat permet surtout de vous engager vis \u00e0 vis de vous-m\u00eame. C&rsquo;est la premi\u00e8re \u00e9tape n\u00e9cessaire \u00e0 votre changement.<\/span><\/p><p>Des<strong> activit\u00e9s entre chaque s\u00e9ance<\/strong>\u00a0pourront vous \u00eatre propos\u00e9es afin d&rsquo;obtenir des r\u00e9sultats concrets rapidement et d&rsquo;ancrer vos prises de conscience.<\/p><p><strong>Chaque s\u00e9ance est espac\u00e9e de 2 \u00e0 3 semaines<\/strong> pour vous laisser le temps d&rsquo;ancrer vos acquis. C&rsquo;est vous qui d\u00e9finissez le temps n\u00e9cessaire \u00e0 votre ancrage.<\/p><p>Apr\u00e8s le coaching, un<strong>\u00a0suivi<\/strong> aura lieu 1 mois et 3 mois apr\u00e8s la derni\u00e8re s\u00e9ance de coaching.\u00a0<\/p>\t\t\t\t\t\t<\/div>\n\t\t\t\t<\/div>\n\t\t\t\t\t<\/div>\n\t\t<\/div>\n\t\t\t\t<div class=\"elementor-column elementor-col-50 elementor-top-column elementor-element elementor-element-74bb086f\" data-id=\"74bb086f\" data-element_type=\"column\">\n\t\t\t<div class=\"elementor-widget-wrap\">\n\t\t\t\t\t\t\t\t\t<\/div>\n\t\t<\/div>\n\t\t\t\t\t\t\t<\/div>\n\t\t<\/section>\n\t\t\t\t\t\t\t<\/div>\n\t\t","protected":false},"excerpt":{"rendered":"<p>Qui suis-je? Forte d&rsquo;une exp\u00e9rience professionnelle de 17 ans dans une grande entreprise internationale et d&rsquo;une solide formation aux techniques de coaching, je vous aide \u00e0 vous r\u00e9v\u00e9ler et \u00e0 atteindre vos buts. Mon Parcours: Apr\u00e8s 17 ans de carri\u00e8re au cours de laquelle j&rsquo;ai occup\u00e9 diff\u00e9rents postes, j&rsquo;ai ressenti le besoin de changer de [&hellip;]<\/p>\n","protected":false},"author":1,"featured_media":0,"parent":0,"menu_order":0,"comment_status":"closed","ping_status":"closed","template":"","meta":{"footnotes":""},"jetpack_sharing_enabled":true,"jetpack-related-posts":[{"id":13,"url":"https:\/\/lbcoachingetdeveloppement.com\/","url_meta":{"origin":6,"position":0},"title":"Accueil","author":"Laetitia","date":"7 d\u00e9cembre 2020","format":false,"excerpt":"Du coaching pour qui? Pour quOI? Le coaching s'adresse \u00e0 toute personne (adolescent\/\u00e9tudiant\/adulte):- qui d\u00e9sire se donner les moyens de r\u00e9ussir, d'atteindre son but.- qui d\u00e9sire changer\u00a0 quelque chose dans sa vie et qui ne sait pas comment s'y\u00a0prendre.- qui souhaite devenir\/re-devenir acteur\/actrice de sa vie.- qui se pose des\u2026","rel":"","context":"Article similaire","block_context":{"text":"Article similaire","link":""},"img":{"alt_text":"","src":"https:\/\/i0.wp.com\/lbcoachingetdeveloppement.com\/wp-content\/uploads\/2024\/09\/1725886995990-003.png?resize=350%2C200&ssl=1","width":350,"height":200,"srcset":"https:\/\/i0.wp.com\/lbcoachingetdeveloppement.com\/wp-content\/uploads\/2024\/09\/1725886995990-003.png?resize=350%2C200&ssl=1 1x, https:\/\/i0.wp.com\/lbcoachingetdeveloppement.com\/wp-content\/uploads\/2024\/09\/1725886995990-003.png?resize=525%2C300&ssl=1 1.5x, https:\/\/i0.wp.com\/lbcoachingetdeveloppement.com\/wp-content\/uploads\/2024\/09\/1725886995990-003.png?resize=700%2C400&ssl=1 2x, https:\/\/i0.wp.com\/lbcoachingetdeveloppement.com\/wp-content\/uploads\/2024\/09\/1725886995990-003.png?resize=1050%2C600&ssl=1 3x, https:\/\/i0.wp.com\/lbcoachingetdeveloppement.com\/wp-content\/uploads\/2024\/09\/1725886995990-003.png?resize=1400%2C800&ssl=1 4x"},"classes":[]},{"id":102,"url":"https:\/\/lbcoachingetdeveloppement.com\/?page_id=102","url_meta":{"origin":6,"position":1},"title":"Mes prestations","author":"Laetitia","date":"28 d\u00e9cembre 2020","format":false,"excerpt":"Mes prestations Je vous propose des prestations personnalis\u00e9es r\u00e9pondant \u00e0 votre besoin. Il existe une solution \u00e0 chaque question que vous vous posez. Contactez-moi pour d\u00e9velopper ensemble votre plein potentiel. Coaching D\u00e9veloppement personnel Le coaching de d\u00e9veloppement personnel s'adresse \u00e0 toute personne qui se sent bloqu\u00e9e dans sa vie, qui\u2026","rel":"","context":"Article similaire","block_context":{"text":"Article similaire","link":""},"img":{"alt_text":"","src":"","width":0,"height":0},"classes":[]},{"id":304,"url":"https:\/\/lbcoachingetdeveloppement.com\/?page_id=304","url_meta":{"origin":6,"position":2},"title":"Les ateliers","author":"Laetitia","date":"25 mars 2021","format":false,"excerpt":"Les ateliers Voici quelques propositions d'ateliers d\u00e9j\u00e0 cr\u00e9es. Les ateliers sont propos\u00e9s en groupe mais peuvent \u00eatre effectu\u00e9s en individuel \u00e0 votre demande. Il est possible \u00e9galement de cr\u00e9er d'autres ateliers sur mesure en fonction de vos besoins. Les ateliers se font en pr\u00e9sentiel ou en visio. N'h\u00e9sitez pas \u00e0\u2026","rel":"","context":"Article similaire","block_context":{"text":"Article similaire","link":""},"img":{"alt_text":"","src":"https:\/\/i0.wp.com\/lbcoachingetdeveloppement.com\/wp-content\/uploads\/2020\/12\/Capture-femme-qui-lit.png?resize=350%2C200","width":350,"height":200},"classes":[]},{"id":81,"url":"https:\/\/lbcoachingetdeveloppement.com\/?page_id=81","url_meta":{"origin":6,"position":3},"title":"Mentions L\u00e9gales","author":"Laetitia","date":"17 d\u00e9cembre 2020","format":false,"excerpt":"Ce site est \u00e9dit\u00e9 par : LB COACHING & DEVELOPEMENT851 405 381 0001926 Rue de la Marne 59570 Hon-Hergies06 75 06 35 17 Directrice de la publication : La\u00ebtitia Barraud Coordonn\u00e9es de l'h\u00e9bergeur: NameHero.com1520 Clay Street, Suite G2North Kansas City, Missouri 64116","rel":"","context":"Article similaire","block_context":{"text":"Article similaire","link":""},"img":{"alt_text":"","src":"","width":0,"height":0},"classes":[]},{"id":500,"url":"https:\/\/lbcoachingetdeveloppement.com\/?page_id=500","url_meta":{"origin":6,"position":4},"title":"T\u00e9moignages","author":"Laetitia","date":"3 mai 2021","format":false,"excerpt":"Les professionnels qui ont fait confiance \u00e0 LB Coaching et D\u00e9veloppement:Entreprises: Nord Menuiserie Diffusion (Feignies)Etablissements scolaires: Coll\u00e8ge Jean Lemaire de Belges (Bavay), Lyc\u00e9e des nerviens (Bavay), Lyc\u00e9e Jules Mousseron (Denain)Centres culturels : Biblioth\u00e8que municipale (Bavay), Biblioth\u00e8que Jules Mousseron (Fouqui\u00e8res-les-Lens), centre culturel (Jeumont), m\u00e9diath\u00e8que le petit prince (Amiens) Vos t\u00e9moignages Jessica\u2026","rel":"","context":"Article similaire","block_context":{"text":"Article similaire","link":""},"img":{"alt_text":"","src":"","width":0,"height":0},"classes":[]},{"id":2,"url":"https:\/\/lbcoachingetdeveloppement.com\/?page_id=2","url_meta":{"origin":6,"position":5},"title":"Page d\u2019exemple","author":"Laetitia","date":"6 d\u00e9cembre 2020","format":false,"excerpt":"Ceci est une page d\u2019exemple. C\u2019est diff\u00e9rent d\u2019un article de blog parce qu\u2019elle restera au m\u00eame endroit et appara\u00eetra dans la navigation de votre site (dans la plupart des th\u00e8mes). La plupart des gens commencent par une page \u00ab\u00a0\u00c0 propos\u00a0\u00bb qui les pr\u00e9sente aux visiteurs du site. Cela pourrait ressembler\u2026","rel":"","context":"Article similaire","block_context":{"text":"Article similaire","link":""},"img":{"alt_text":"","src":"","width":0,"height":0},"classes":[]}],"_links":{"self":[{"href":"https:\/\/lbcoachingetdeveloppement.com\/index.php?rest_route=\/wp\/v2\/pages\/6"}],"collection":[{"href":"https:\/\/lbcoachingetdeveloppement.com\/index.php?rest_route=\/wp\/v2\/pages"}],"about":[{"href":"https:\/\/lbcoachingetdeveloppement.com\/index.php?rest_route=\/wp\/v2\/types\/page"}],"author":[{"embeddable":true,"href":"https:\/\/lbcoachingetdeveloppement.com\/index.php?rest_route=\/wp\/v2\/users\/1"}],"replies":[{"embeddable":true,"href":"https:\/\/lbcoachingetdeveloppement.com\/index.php?rest_route=%2Fwp%2Fv2%2Fcomments&post=6"}],"version-history":[{"count":63,"href":"https:\/\/lbcoachingetdeveloppement.com\/index.php?rest_route=\/wp\/v2\/pages\/6\/revisions"}],"predecessor-version":[{"id":474,"href":"https:\/\/lbcoachingetdeveloppement.com\/index.php?rest_route=\/wp\/v2\/pages\/6\/revisions\/474"}],"wp:attachment":[{"href":"https:\/\/lbcoachingetdeveloppement.com\/index.php?rest_route=%2Fwp%2Fv2%2Fmedia&parent=6"}],"curies":[{"name":"wp","href":"https:\/\/api.w.org\/{rel}","templated":true}]}}